{"id":531,"date":"2020-03-09T08:20:15","date_gmt":"2020-03-09T11:20:15","guid":{"rendered":"https:\/\/colmed1.org.ar\/wp2\/?page_id=531"},"modified":"2025-12-02T16:02:00","modified_gmt":"2025-12-02T19:02:00","slug":"autoridades","status":"publish","type":"page","link":"https:\/\/colmed1.org.ar\/web\/index.php\/autoridades\/","title":{"rendered":"AUTORIDADES"},"content":{"rendered":"<p>[et_pb_section fb_built=\u00bb1&#8243; custom_padding_last_edited=\u00bbon|phone\u00bb _builder_version=\u00bb4.16&#8243; background_color=\u00bbrgba(0,0,0,0)\u00bb custom_margin=\u00bb||||false|false\u00bb custom_margin_tablet=\u00bb\u00bb custom_margin_phone=\u00bb-69px||||false|false\u00bb custom_margin_last_edited=\u00bbon|phone\u00bb custom_padding=\u00bb0px|17px|||false|false\u00bb custom_padding_tablet=\u00bb\u00bb custom_padding_phone=\u00bb|0px|||false|false\u00bb da_disable_devices=\u00bboff|off|off\u00bb global_colors_info=\u00bb{}\u00bb da_is_popup=\u00bboff\u00bb da_exit_intent=\u00bboff\u00bb da_has_close=\u00bbon\u00bb da_alt_close=\u00bboff\u00bb da_dark_close=\u00bboff\u00bb da_not_modal=\u00bbon\u00bb da_is_singular=\u00bboff\u00bb da_with_loader=\u00bboff\u00bb da_has_shadow=\u00bbon\u00bb][et_pb_row column_structure=\u00bb3_4,1_4&#8243; use_custom_gutter=\u00bbon\u00bb gutter_width=\u00bb2&#8243; custom_padding_last_edited=\u00bbon|phone\u00bb _builder_version=\u00bb4.16&#8243; width=\u00bb100%\u00bb width_tablet=\u00bb\u00bb width_phone=\u00bb95%\u00bb width_last_edited=\u00bbon|phone\u00bb max_width=\u00bb100%\u00bb custom_margin=\u00bb-9px||||false|false\u00bb custom_margin_tablet=\u00bb\u00bb custom_margin_phone=\u00bb\u00bb custom_margin_last_edited=\u00bbon|desktop\u00bb custom_padding=\u00bb|||30px|false|false\u00bb custom_padding_tablet=\u00bb\u00bb custom_padding_phone=\u00bb0px|0px||0px|false|false\u00bb global_colors_info=\u00bb{}\u00bb][et_pb_column type=\u00bb3_4&#8243; _builder_version=\u00bb4.16&#8243; custom_padding_tablet=\u00bb\u00bb custom_padding_phone=\u00bb||||false|false\u00bb custom_padding_last_edited=\u00bbon|phone\u00bb global_colors_info=\u00bb{}\u00bb][et_pb_code _builder_version=\u00bb4.16&#8243; global_colors_info=\u00bb{}\u00bb][\/et_pb_code][et_pb_text _builder_version=\u00bb4.16&#8243; text_font_size=\u00bb24px\u00bb text_line_height=\u00bb1.9em\u00bb header_font=\u00bb|700|||||||\u00bb header_font_size=\u00bb36px\u00bb width=\u00bb97%\u00bb width_tablet=\u00bb\u00bb width_phone=\u00bb\u00bb width_last_edited=\u00bbon|desktop\u00bb module_alignment=\u00bbcenter\u00bb custom_margin=\u00bb36px||||false|false\u00bb custom_padding=\u00bb||||false|false\u00bb header_text_align_tablet=\u00bb\u00bb header_text_align_phone=\u00bbcenter\u00bb header_text_align_last_edited=\u00bbon|phone\u00bb header_font_size_tablet=\u00bb\u00bb header_font_size_phone=\u00bb\u00bb header_font_size_last_edited=\u00bbon|phone\u00bb text_orientation_tablet=\u00bb\u00bb text_orientation_phone=\u00bbcenter\u00bb text_orientation_last_edited=\u00bbon|phone\u00bb global_colors_info=\u00bb{}\u00bb]<\/p>\n<h1>AUTORIDADES<\/h1>\n<p>( Per\u00edodo 2025-2027)<\/p>\n<p>[\/et_pb_text][et_pb_blurb title=\u00bbDR. MAZZONE JORGE ALBERTO\u00bb image=\u00bbhttps:\/\/colmed1.org.ar\/web\/wp-content\/uploads\/2020\/03\/00110272.jpg\u00bb icon_alignment=\u00bbleft\u00bb _builder_version=\u00bb4.22.1&#8243; header_font=\u00bb|700|||||||\u00bb custom_padding=\u00bb10px|10px|10px|10px|true|false\u00bb custom_css_main_element=\u00bbwidth:30%;||display:inline-block;\u00bb global_colors_info=\u00bb{}\u00bb custom_css_main_element_last_edited=\u00bbon|phone\u00bb custom_css_main_element_phone=\u00bbwidth:50%;||display:inline-block;\u00bb custom_css_main_element_tablet=\u00bbwidth:30%;||display:inline-block;\u00bb]<\/p>\n<p>Presidente<\/p>\n<p>[\/et_pb_blurb][et_pb_blurb title=\u00bbDR. MORENO JULIO C\u00c9SAR\u00bb image=\u00bbhttps:\/\/colmed1.org.ar\/web\/wp-content\/uploads\/2020\/03\/00017530-1.jpg\u00bb icon_alignment=\u00bbleft\u00bb _builder_version=\u00bb4.22.1&#8243; header_font=\u00bb|700|||||||\u00bb custom_padding=\u00bb10px|10px|10px|10px|true|false\u00bb custom_css_main_element=\u00bbwidth:30%;||display:inline-block;\u00bb global_colors_info=\u00bb{}\u00bb custom_css_main_element_last_edited=\u00bbon|phone\u00bb custom_css_main_element_phone=\u00bbwidth:50%;||display:inline-block;\u00bb custom_css_main_element_tablet=\u00bbwidth:30%;||display:inline-block;\u00bb]<\/p>\n<p>Secretario General<\/p>\n<p>[\/et_pb_blurb][et_pb_blurb title=\u00bbDR. GHIANI HUGO M\u00c1XIMO\u00bb image=\u00bbhttps:\/\/colmed1.org.ar\/web\/wp-content\/uploads\/2020\/03\/00018990.jpg\u00bb icon_alignment=\u00bbleft\u00bb _builder_version=\u00bb4.22.1&#8243; header_font=\u00bb|700|||||||\u00bb custom_padding=\u00bb10px|10px|10px|10px|true|false\u00bb custom_css_main_element=\u00bbwidth:30%;||display:inline-block;\u00bb global_colors_info=\u00bb{}\u00bb custom_css_main_element_last_edited=\u00bbon|phone\u00bb custom_css_main_element_phone=\u00bbwidth:50%;||display:inline-block;\u00bb custom_css_main_element_tablet=\u00bbwidth:30%;||display:inline-block;\u00bb]<\/p>\n<p>Tesorero<\/p>\n<p>[\/et_pb_blurb][et_pb_blurb title=\u00bbDRA. MIRTA E. PRAGLIA\u00bb image=\u00bbhttps:\/\/colmed1.org.ar\/web\/wp-content\/uploads\/2021\/12\/PRAGLIA.jpg\u00bb icon_alignment=\u00bbleft\u00bb _builder_version=\u00bb4.22.1&#8243; header_font=\u00bb|700|||||||\u00bb custom_padding=\u00bb10px|10px|10px|10px|true|false\u00bb custom_css_main_element=\u00bbwidth:30%;||display:inline-block;\u00bb global_colors_info=\u00bb{}\u00bb custom_css_main_element_last_edited=\u00bbon|phone\u00bb custom_css_main_element_phone=\u00bbwidth:50%;||display:inline-block;\u00bb custom_css_main_element_tablet=\u00bbwidth:30%;||display:inline-block;\u00bb]<\/p>\n<p>Vice Presidenta<\/p>\n<p>[\/et_pb_blurb][et_pb_blurb title=\u00bbREZEK Y LAURINO RODOLFO ANTONIO\u00bb image=\u00bbhttps:\/\/colmed1.org.ar\/web\/wp-content\/uploads\/2020\/03\/00111134.jpg\u00bb icon_alignment=\u00bbleft\u00bb _builder_version=\u00bb4.22.1&#8243; header_font=\u00bb|700|||||||\u00bb custom_padding=\u00bb10px|10px|10px|10px|true|false\u00bb custom_css_main_element=\u00bbwidth:30%;||display:inline-block;\u00bb global_colors_info=\u00bb{}\u00bb custom_css_main_element_last_edited=\u00bbon|phone\u00bb custom_css_main_element_phone=\u00bbwidth:50%;||display:inline-block;\u00bb custom_css_main_element_tablet=\u00bbwidth:30%;||display:inline-block;\u00bb]<\/p>\n<p>Pro Secretario<\/p>\n<p>[\/et_pb_blurb][et_pb_blurb title=\u00bbDR. PABLO GALAN\u00bb image=\u00bbhttps:\/\/colmed1.org.ar\/web\/wp-content\/uploads\/2021\/12\/GALAN.jpg\u00bb icon_alignment=\u00bbleft\u00bb _builder_version=\u00bb4.22.1&#8243; header_font=\u00bb|700|||||||\u00bb custom_padding=\u00bb10px|10px|10px|10px|true|false\u00bb custom_css_main_element=\u00bbwidth:30%;||display:inline-block;\u00bb global_colors_info=\u00bb{}\u00bb custom_css_main_element_last_edited=\u00bbon|phone\u00bb custom_css_main_element_phone=\u00bbwidth:50%;||display:inline-block;\u00bb custom_css_main_element_tablet=\u00bbwidth:30%;||display:inline-block;\u00bb]<\/p>\n<p>Pro Tesorero<\/p>\n<p>[\/et_pb_blurb][et_pb_blurb title=\u00bbDRA. CAPUTO  MARIA LAURA\u00bb image=\u00bbhttps:\/\/colmed1.org.ar\/web\/wp-content\/uploads\/2020\/03\/00016872.jpg\u00bb icon_alignment=\u00bbleft\u00bb _builder_version=\u00bb4.22.1&#8243; header_font=\u00bb|700|||||||\u00bb custom_padding=\u00bb10px|10px|10px|10px|true|false\u00bb custom_css_main_element=\u00bbwidth:30%;||display:inline-block;\u00bb global_colors_info=\u00bb{}\u00bb custom_css_main_element_last_edited=\u00bbon|phone\u00bb custom_css_main_element_phone=\u00bbwidth:50%;||display:inline-block;\u00bb custom_css_main_element_tablet=\u00bbwidth:30%;||display:inline-block;\u00bb]<\/p>\n<p>Secretaria de Actas<\/p>\n<p>[\/et_pb_blurb][et_pb_blurb title=\u00bbDR. CASTAGNETTO GUSTAVO DANIEL\u00bb image=\u00bbhttps:\/\/colmed1.org.ar\/web\/wp-content\/uploads\/2020\/03\/00110196.jpg\u00bb icon_alignment=\u00bbleft\u00bb _builder_version=\u00bb4.22.1&#8243; header_font=\u00bb|700|||||||\u00bb custom_padding=\u00bb10px|10px|10px|10px|true|false\u00bb custom_css_main_element=\u00bbwidth:30%;||display:inline-block;\u00bb global_colors_info=\u00bb{}\u00bb custom_css_main_element_last_edited=\u00bbon|phone\u00bb custom_css_main_element_phone=\u00bbwidth:50%;||display:inline-block;\u00bb custom_css_main_element_tablet=\u00bbwidth:30%;||display:inline-block;\u00bb]<\/p>\n<p>Gerente M\u00e9dico<\/p>\n<p>[\/et_pb_blurb][et_pb_blurb title=\u00bbDR. GUSTAVO ANDRES MARINUCCI\u00bb image=\u00bbhttps:\/\/colmed1.org.ar\/web\/wp-content\/uploads\/2021\/12\/MARINUCCI.jpg\u00bb icon_alignment=\u00bbleft\u00bb _builder_version=\u00bb4.22.1&#8243; header_font=\u00bb|700|||||||\u00bb custom_padding=\u00bb10px|10px|10px|10px|true|false\u00bb custom_css_main_element=\u00bbwidth:30%;||display:inline-block;\u00bb global_colors_info=\u00bb{}\u00bb custom_css_main_element_last_edited=\u00bbon|phone\u00bb custom_css_main_element_phone=\u00bbwidth:50%;||display:inline-block;\u00bb custom_css_main_element_tablet=\u00bbwidth:30%;||display:inline-block;\u00bb]<\/p>\n<p>Secretario de Prensa y Difusi\u00f3n<\/p>\n<p>[\/et_pb_blurb][et_pb_blurb title=\u00bbDR. ABBIATI ALEJANDRO E.\u00bb image=\u00bbhttps:\/\/colmed1.org.ar\/web\/wp-content\/uploads\/2025\/12\/abiatti.jpg\u00bb icon_alignment=\u00bbleft\u00bb _builder_version=\u00bb4.27.4&#8243; header_font=\u00bb|700|||||||\u00bb custom_padding=\u00bb10px|10px|10px|10px|true|false\u00bb hover_enabled=\u00bb0&#8243; custom_css_main_element=\u00bbwidth:30%;||display:inline-block;\u00bb global_colors_info=\u00bb{}\u00bb custom_css_main_element_last_edited=\u00bbon|phone\u00bb custom_css_main_element_phone=\u00bbwidth:50%;||display:inline-block;\u00bb custom_css_main_element_tablet=\u00bbwidth:30%;||display:inline-block;\u00bb sticky_enabled=\u00bb0&#8243; title_text=\u00bbabiatti\u00bb]<\/p>\n<p>Secretario de Obras y Mantenimiento<\/p>\n<p>[\/et_pb_blurb][et_pb_divider _builder_version=\u00bb4.16&#8243; custom_margin=\u00bb3px|||||\u00bb custom_padding=\u00bb0px|||||\u00bb border_color_all=\u00bb#ffffff\u00bb border_width_bottom=\u00bb1px\u00bb global_colors_info=\u00bb{}\u00bb][\/et_pb_divider][et_pb_text _builder_version=\u00bb4.16&#8243; text_font_size=\u00bb24px\u00bb text_line_height=\u00bb1.9em\u00bb header_font=\u00bb|700|||||||\u00bb header_font_size=\u00bb36px\u00bb width=\u00bb97%\u00bb width_tablet=\u00bb\u00bb width_phone=\u00bb\u00bb width_last_edited=\u00bbon|desktop\u00bb module_alignment=\u00bbcenter\u00bb custom_margin=\u00bb50px|||||\u00bb header_text_align_tablet=\u00bb\u00bb header_text_align_phone=\u00bbcenter\u00bb header_text_align_last_edited=\u00bbon|phone\u00bb header_font_size_tablet=\u00bb\u00bb header_font_size_phone=\u00bb28px\u00bb header_font_size_last_edited=\u00bbon|phone\u00bb custom_css_main_element=\u00bbdisplay:block;\u00bb global_colors_info=\u00bb{}\u00bb]<\/p>\n<h2><strong>DELEGADOS<\/strong> <br \/>AL CONSEJO SUPERIOR<\/h2>\n<p><strong><\/strong><\/p>\n<p><span style=\"font-size: large;\"><strong>Titular:<br \/><\/strong>\u25aa DR. JULIO CESAR MORENO<\/span><\/p>\n<p><span style=\"font-size: large;\"><strong>Suplente:<br \/><\/strong>\u25aa DR. JORGE ALBERTO MAZZONE<\/span><\/p>\n<p>[\/et_pb_text][et_pb_divider _builder_version=\u00bb4.16&#8243; border_color_all=\u00bb#ffffff\u00bb border_width_bottom=\u00bb1px\u00bb global_colors_info=\u00bb{}\u00bb][\/et_pb_divider][et_pb_text _builder_version=\u00bb4.27.4&#8243; text_font_size=\u00bb24px\u00bb text_line_height=\u00bb1.9em\u00bb header_font=\u00bb|700|||||||\u00bb header_font_size=\u00bb36px\u00bb width=\u00bb97%\u00bb width_tablet=\u00bb\u00bb width_phone=\u00bb\u00bb width_last_edited=\u00bbon|desktop\u00bb module_alignment=\u00bbcenter\u00bb custom_margin=\u00bb50px|||||\u00bb header_text_align_tablet=\u00bb\u00bb header_text_align_phone=\u00bbcenter\u00bb header_text_align_last_edited=\u00bbon|phone\u00bb header_font_size_tablet=\u00bb\u00bb header_font_size_phone=\u00bb28px\u00bb header_font_size_last_edited=\u00bbon|phone\u00bb custom_css_main_element=\u00bbdisplay:block;\u00bb global_colors_info=\u00bb{}\u00bb]<\/p>\n<h2><strong>TRIBUNAL DE DISCIPLINA<\/strong><br \/>PER\u00cdODO 2025\/2029<\/h2>\n<p><b><br \/><span style=\"font-size: large;\">(Miembros Titulares)<\/span><\/b><br \/><span style=\"font-size: large;\"> \u25aa DR. CARIELLO ALBERTO HIP\u00d3LITO<\/span><br \/><span style=\"font-size: large;\"> \u25aa DR. SPALLETTI HUGO JOSE<br \/><span>\u25aa DR. GROSSO ODRIOZOLA JUAN JOS\u00c9<\/span><\/span><br \/><span style=\"font-size: large;\"> \u25aa DRA. STAGNARO PLAGHOS ALBA MAR\u00cdA<\/span><br \/><span style=\"font-size: large;\"> \u25aa DR. NERY ORLANDO FURES<br \/><\/span><\/p>\n<p><b style=\"font-size: large;\">(Miembros Suplentes)<\/b><\/p>\n<p><span style=\"font-size: large;\">\u25aa DR. COSOLI ARIEL JULIAN<br \/>\u25aa GARAVENTO LEONARDO<br \/><\/span><span><span style=\"font-size: large;\">\u25aa CARLOS MANUEL CANULL\u00c1N<br \/>\u25aa DR. CARLOS ENRIQUE FLORES<br \/>\u25aa DR. SERGIO RAFFAELLI<\/span><br \/><\/span><\/p>\n<p>&nbsp;<\/p>\n<h2><span style=\"font-size: x-large;\"><strong>DELEGADO TITULAR<\/strong><b><br \/><\/b>AL TRIBUNAL SUPERIOR (CONSEJO SUPERIOR):<\/span><\/h2>\n<p><span style=\"font-size: large;\"><b><\/b><\/span><\/p>\n<p><span style=\"font-size: large;\"><b>\u25aa TITULAR:<\/b><\/span><br \/><span style=\"font-size: large;\">DR. PEREDA CARLOS RAFAEL<\/span><\/p>\n<p><span style=\"font-size: large;\"><b>\u25aa SUPLENTE:<\/b><\/span><br \/><span style=\"font-size: large;\">DRA. JALO MAR\u00cdA BELEN<\/span><\/p>\n<p>[\/et_pb_text][et_pb_divider _builder_version=\u00bb4.16&#8243; border_color_all=\u00bb#ffffff\u00bb border_width_bottom=\u00bb1px\u00bb global_colors_info=\u00bb{}\u00bb][\/et_pb_divider][et_pb_text _builder_version=\u00bb4.27.4&#8243; text_font_size=\u00bb24px\u00bb text_line_height=\u00bb1.9em\u00bb header_font=\u00bb|700|||||||\u00bb header_text_align=\u00bbcenter\u00bb header_font_size=\u00bb36px\u00bb header_5_font_size=\u00bb13px\u00bb header_5_line_height=\u00bb1.3em\u00bb width=\u00bb97%\u00bb width_tablet=\u00bb\u00bb width_phone=\u00bb\u00bb width_last_edited=\u00bbon|desktop\u00bb module_alignment=\u00bbcenter\u00bb custom_margin=\u00bb50px|||||\u00bb custom_margin_tablet=\u00bb\u00bb custom_margin_phone=\u00bb50px||||false|false\u00bb custom_margin_last_edited=\u00bbon|phone\u00bb custom_padding=\u00bb||||false|false\u00bb header_font_size_tablet=\u00bb\u00bb header_font_size_phone=\u00bb28px\u00bb header_font_size_last_edited=\u00bbon|phone\u00bb custom_css_main_element=\u00bbdisplay:block;\u00bb global_colors_info=\u00bb{}\u00bb]<\/p>\n<h2><strong><br \/>CONSEJO DIRECTIVO<\/strong><\/h2>\n<h2><span style=\"font-size: x-large;\">PERIODO 2025\/2027<\/span><\/h2>\n<p>&nbsp;<\/p>\n<p>ABBIATI ALEJANDRO EDUARDO<br \/>AISPURO FEDERICO<br \/>ALE ALFREDO OMAR<br \/>ALTAMIRANO EUGENIA MARGARITA<br \/>ALVARADO TORRES CARLOS<br \/>ALVAREZ JUAN PABLO<br \/>ARELLANO JULIO CESAR<br \/>AROZAMENA DIEGO PABLO<br \/>BAGATO ALEJANDRO MARIO<br \/>BAUDINO HECTOR RICARDO<br \/>BERGNA DANIEL GUSTAVO<br \/>BORDON CUETO RUA ANGEL RAFAEL<br \/>CABRAL MARINA EVE<br \/>CAMPODONICO RICARDO JOSE MARIA<br \/>CAPUTO MARIA LAURA<br \/>CARDOSO ARMANDO CLAUDIO<br \/>CAROLO HERNAN CRISTIAN<br \/>CASENTINI RUBEN DARIO<br \/>CASTAGNETTO GUSTAVO DANIEL<br \/>CASTRO ORLANDO<br \/>CASTRO SIMONELLI CHRISTIAN EDGARDO<br \/>CECI JUAN CARLOS<br \/>CHACHARO MIRTA GRACIELA<br \/>COCOZZELLA JUAN PABLO<br \/>CORREA CRISTINA EMA<br \/>CRISCONIO GUILLERMO ALBERTO<br \/>DA COSTA SUSANA VERONICA<br \/>DI NARDO LUNA CAROLINA MARIEL<br \/>DORCASBERRO LUIS ALBERTO<br \/>ECHEVERRIA CARLOS ENRIQUE<br \/>ERRERA RICARDO ALBERTO<br \/>FABIANO DIEGO SANTIAGO<br \/>FABRIS ANDREA ALEJANDRA<br \/>FEDERICI SILVIA MONICA<br \/>GAILLARD AUGUSTO JULIO<br \/>GALAN PABLO<br \/>GALLINI OSCAR RUBEN<br \/>GATTI PABLO OSCAR<br \/>GHIANI HUGO MAXIMO<br \/>GROBLY ALEJANDRA F.E.<br \/>GYBLI MAR\u00cdA SILVIA<br \/>HERNANDEZ GONZALO DANIEL<br \/>HERNANDEZ VIOLETA ALEJANDRA<br \/>HORTEL FLORENCIA ELEONORA<br \/>LACANAU MARIA CRISTINA<br \/>LAMOTTA ANDRES EDUARDO<br \/>LANZA SEBASTI\u00c1N<br \/>LARA SEBASTIAN AGUSTIN BENITO<br \/>MAGGIO MICAELA<br \/>MARINUCCI GUSTAVO ANDRES<br \/>MARTIARENA EDUARDO HECTOR<br \/>MAZZONE JORGE ALBERTO<br \/>MECHURA JUAN<br \/>MORENO JULIO CESAR<br \/>MURRAY GASTON RAUL<br \/>OSCOS GUILLERMO MARTIN<br \/>OTERO SEBASTIAN RAFAEL<br \/>PEPE MARTIN VICENTE<br \/>PEREZ DUHALDE ESTEBAN<br \/>PETRONE HUGO SERGIO<br \/>PIRIS CAROLINA AMANDA<br \/>POGGIO DAVID ALBERTO<br \/>PONCE JULIO CESAR<br \/>PONTE PABLO MAXIMILIANO<br \/>PORTILLO JORGE EDUARDO<br \/>PRAGLIA MIRTA EDELMIRA<br \/>QUIETO PEDRO MARCELO<br \/>RAMUZZI GUSTAVO EDUARDO<br \/>REGUERA EDUARDO ALBERTO<br \/>REVERTE CLAUDIO RUBEN<br \/>REZEK Y LAURINO RODOLFO ANTONIO<br \/>SILVANI GABRIELA ALEJANDRA<br \/>SORIA ADELAIDA<br \/>TAUS ROSSANA<br \/>VALDEZ NILDA MABEL<br \/><span>VELEZ \u00a0ANALIA LAURA<\/span><br \/>ZELAYETA ADRIAN ROGELIO<\/p>\n<p>[\/et_pb_text][\/et_pb_column][et_pb_column type=\u00bb1_4&#8243; _builder_version=\u00bb4.16&#8243; background_color=\u00bbrgba(0,0,0,0)\u00bb custom_padding=\u00bb18px|18px|30px|18px|false|false\u00bb global_colors_info=\u00bb{}\u00bb][et_pb_sidebar _builder_version=\u00bb4.16&#8243; global_colors_info=\u00bb{}\u00bb][\/et_pb_sidebar][\/et_pb_column][\/et_pb_row][\/et_pb_section]<\/p>\n","protected":false},"excerpt":{"rendered":"<p>AUTORIDADES ( Per\u00edodo 2025-2027)PresidenteSecretario GeneralTesoreroVice PresidentaPro SecretarioPro TesoreroSecretaria de ActasGerente M\u00e9dicoSecretario de Prensa y Difusi\u00f3nSecretario de Obras y MantenimientoDELEGADOS AL CONSEJO SUPERIOR Titular:\u25aa DR. JULIO CESAR MORENO Suplente:\u25aa DR. JORGE ALBERTO MAZZONETRIBUNAL DE DISCIPLINAPER\u00cdODO 2025\/2029 (Miembros Titulares) \u25aa DR. CARIELLO ALBERTO HIP\u00d3LITO \u25aa DR. SPALLETTI HUGO JOSE\u25aa DR. GROSSO ODRIOZOLA JUAN JOS\u00c9 \u25aa DRA. STAGNARO [&hellip;]<\/p>\n","protected":false},"author":1,"featured_media":0,"parent":0,"menu_order":0,"comment_status":"closed","ping_status":"closed","template":"","meta":{"_et_pb_use_builder":"on","_et_pb_old_content":"","_et_gb_content_width":"","inline_featured_image":false,"footnotes":""},"class_list":["post-531","page","type-page","status-publish","hentry"],"_links":{"self":[{"href":"https:\/\/colmed1.org.ar\/web\/index.php\/wp-json\/wp\/v2\/pages\/531","targetHints":{"allow":["GET"]}}],"collection":[{"href":"https:\/\/colmed1.org.ar\/web\/index.php\/wp-json\/wp\/v2\/pages"}],"about":[{"href":"https:\/\/colmed1.org.ar\/web\/index.php\/wp-json\/wp\/v2\/types\/page"}],"author":[{"embeddable":true,"href":"https:\/\/colmed1.org.ar\/web\/index.php\/wp-json\/wp\/v2\/users\/1"}],"replies":[{"embeddable":true,"href":"https:\/\/colmed1.org.ar\/web\/index.php\/wp-json\/wp\/v2\/comments?post=531"}],"version-history":[{"count":69,"href":"https:\/\/colmed1.org.ar\/web\/index.php\/wp-json\/wp\/v2\/pages\/531\/revisions"}],"predecessor-version":[{"id":4723,"href":"https:\/\/colmed1.org.ar\/web\/index.php\/wp-json\/wp\/v2\/pages\/531\/revisions\/4723"}],"wp:attachment":[{"href":"https:\/\/colmed1.org.ar\/web\/index.php\/wp-json\/wp\/v2\/media?parent=531"}],"curies":[{"name":"wp","href":"https:\/\/api.w.org\/{rel}","templated":true}]}}