{"id":720,"date":"2020-03-09T15:37:07","date_gmt":"2020-03-09T18:37:07","guid":{"rendered":"https:\/\/colmed1.org.ar\/wp2\/?page_id=720"},"modified":"2026-05-12T14:13:31","modified_gmt":"2026-05-12T17:13:31","slug":"aranceles","status":"publish","type":"page","link":"https:\/\/colmed1.org.ar\/web\/index.php\/aranceles\/","title":{"rendered":"ARANCELES"},"content":{"rendered":"<p>[et_pb_section fb_built=\u00bb1&#8243; custom_padding_last_edited=\u00bbon|phone\u00bb _builder_version=\u00bb4.16&#8243; background_color=\u00bbrgba(0,0,0,0)\u00bb custom_margin=\u00bb||||false|false\u00bb custom_margin_tablet=\u00bb\u00bb custom_margin_phone=\u00bb-69px||||false|false\u00bb custom_margin_last_edited=\u00bbon|phone\u00bb custom_padding=\u00bb0px|17px|||false|false\u00bb custom_padding_tablet=\u00bb\u00bb custom_padding_phone=\u00bb|0px|||false|false\u00bb da_disable_devices=\u00bboff|off|off\u00bb global_colors_info=\u00bb{}\u00bb da_is_popup=\u00bboff\u00bb da_exit_intent=\u00bboff\u00bb da_has_close=\u00bbon\u00bb da_alt_close=\u00bboff\u00bb da_dark_close=\u00bboff\u00bb da_not_modal=\u00bbon\u00bb da_is_singular=\u00bboff\u00bb da_with_loader=\u00bboff\u00bb da_has_shadow=\u00bbon\u00bb][et_pb_row column_structure=\u00bb3_4,1_4&#8243; use_custom_gutter=\u00bbon\u00bb gutter_width=\u00bb2&#8243; custom_padding_last_edited=\u00bbon|phone\u00bb _builder_version=\u00bb4.16&#8243; width=\u00bb100%\u00bb max_width=\u00bb2560px\u00bb module_alignment=\u00bbcenter\u00bb custom_margin=\u00bb-9px||||false|false\u00bb custom_margin_tablet=\u00bb\u00bb custom_margin_phone=\u00bb\u00bb custom_margin_last_edited=\u00bbon|desktop\u00bb custom_padding=\u00bb|||30px|false|false\u00bb custom_padding_tablet=\u00bb\u00bb custom_padding_phone=\u00bb0px|8px||8px|false|false\u00bb global_colors_info=\u00bb{}\u00bb][et_pb_column type=\u00bb3_4&#8243; _builder_version=\u00bb4.16&#8243; global_colors_info=\u00bb{}\u00bb][et_pb_text _builder_version=\u00bb4.16&#8243; text_font_size=\u00bb24px\u00bb text_line_height=\u00bb1.9em\u00bb header_font=\u00bb|700|||||||\u00bb header_font_size=\u00bb36px\u00bb width=\u00bb97%\u00bb width_tablet=\u00bb\u00bb width_phone=\u00bb\u00bb width_last_edited=\u00bbon|desktop\u00bb module_alignment=\u00bbcenter\u00bb custom_margin=\u00bb50px||||false|false\u00bb custom_padding=\u00bb||||false|false\u00bb header_text_align_tablet=\u00bb\u00bb header_text_align_phone=\u00bbcenter\u00bb header_text_align_last_edited=\u00bbon|phone\u00bb header_font_size_tablet=\u00bb\u00bb header_font_size_phone=\u00bb\u00bb header_font_size_last_edited=\u00bbon|phone\u00bb text_orientation_tablet=\u00bb\u00bb text_orientation_phone=\u00bbcenter\u00bb text_orientation_last_edited=\u00bbon|phone\u00bb global_colors_info=\u00bb{}\u00bb]<\/p>\n<p><a href=\"el-colegio\">El Colegio \/ <\/a><\/p>\n<h1>ARANCELES<\/h1>\n<p>[\/et_pb_text][et_pb_text admin_label=\u00bbTexto\u00bb _builder_version=\u00bb4.27.4&#8243; global_colors_info=\u00bb{}\u00bb]<\/p>\n<table>\n<tbody>\n<tr>\n<td><strong>Certificaci\u00f3n de firma:<\/strong><\/td>\n<td style=\"text-align: right;\"><strong>$5400.00<\/strong><\/td>\n<\/tr>\n<tr>\n<td><b>Duplicado de Carnet:<\/b><\/td>\n<td style=\"text-align: right;\"><strong>$21700.00<\/strong><\/td>\n<\/tr>\n<tr>\n<td><b>Hab.Cons.Rehab.Cardiovascular:<\/b><\/td>\n<td style=\"text-align: right;\"><strong>$108700.00<\/strong><\/td>\n<\/tr>\n<tr>\n<td><b>Habilitaci\u00f3n Consultorio:<\/b><\/td>\n<td style=\"text-align: right;\"><strong>$54400.00<\/strong><\/td>\n<\/tr>\n<tr>\n<td><b>Habilitaci\u00f3n Consultorio &#8211; 50%:<\/b><\/td>\n<td style=\"text-align: right;\"><strong>$27200.00<\/strong><\/td>\n<\/tr>\n<tr>\n<td><b>Inscripci\u00f3n + de 5 a\u00f1os:<\/b><\/td>\n<td style=\"text-align: right;\"><strong>$32600.00<\/strong><\/td>\n<\/tr>\n<tr>\n<td><strong><b>Inscripci\u00f3n &#8211; de 5 a\u00f1os:<\/b><\/strong><\/td>\n<td style=\"text-align: right;\"><strong>$32600.00<\/strong><\/td>\n<\/tr>\n<tr>\n<td><b>Matricula J:<\/b><\/td>\n<td style=\"text-align: right;\"><strong>$10900.00<\/strong><\/td>\n<\/tr>\n<tr>\n<td><b>Matriculaci\u00f3n + de 5a\u00f1os:<\/b><\/td>\n<td style=\"text-align: right;\"><strong>$49000.00<\/strong><\/td>\n<\/tr>\n<tr>\n<td><b>Matriculaci\u00f3n &#8211; de 5 a\u00f1os:<\/b><\/td>\n<td style=\"text-align: right;\"><strong>$27200.00<\/strong><\/td>\n<\/tr>\n<tr>\n<td><b>Recertificaci\u00f3n Calificada Agregada:<\/b><\/td>\n<td style=\"text-align: right;\"><strong>$76100.00<\/strong><\/td>\n<\/tr>\n<tr>\n<td><b>Recertificaci\u00f3n T\u00edtulo Especialista:<\/b><\/td>\n<td style=\"text-align: right;\"><strong>$76100.00<\/strong><\/td>\n<\/tr>\n<tr>\n<td><b>Reconocimiento Naci\u00f3n:<\/b><\/td>\n<td style=\"text-align: right;\">\n<div class=\"lista-noticia\">\n<p class=\"\"><strong>$76100.00<\/strong><\/p>\n<\/div>\n<\/td>\n<\/tr>\n<tr>\n<td><b>T\u00edtulo Calificaci\u00f3n Agregada:<\/b><\/td>\n<td style=\"text-align: right;\"><strong>$76100.00<\/strong><\/td>\n<\/tr>\n<tr>\n<td><b>T\u00edtulo Especialista Consultor:<\/b><\/td>\n<td style=\"text-align: right;\"><strong>$76100.00<\/strong><\/td>\n<\/tr>\n<tr>\n<td><b>Titulo Especialista Except. Art. 8\u00b0:<\/b><\/td>\n<td style=\"text-align: right;\"><strong>$54400.00<\/strong><\/td>\n<\/tr>\n<tr>\n<td><strong><b>T\u00edtulo Especialista Jerarquizado:<\/b><\/strong><\/td>\n<td style=\"text-align: right;\"><strong>$76100.00<\/strong><\/td>\n<\/tr>\n<tr>\n<td><strong><b>T\u00edtulo Especialista otros Distritos:<\/b><\/strong><\/td>\n<td style=\"text-align: right;\"><strong>$54400.00<\/strong><\/td>\n<\/tr>\n<tr>\n<td><b>T\u00edtulos Especialista para rendir:<\/b><\/td>\n<td style=\"text-align: right;\"><strong>$152200.00<\/strong><\/td>\n<\/tr>\n<\/tbody>\n<\/table>\n<p>[\/et_pb_text][\/et_pb_column][et_pb_column type=\u00bb1_4&#8243; _builder_version=\u00bb4.16&#8243; background_enable_color=\u00bboff\u00bb custom_padding=\u00bb18px|18px|30px|18px|false|false\u00bb global_colors_info=\u00bb{}\u00bb][et_pb_sidebar _builder_version=\u00bb4.16&#8243; global_colors_info=\u00bb{}\u00bb][\/et_pb_sidebar][\/et_pb_column][\/et_pb_row][\/et_pb_section]<\/p>\n","protected":false},"excerpt":{"rendered":"<p>El Colegio \/ ARANCELES Certificaci\u00f3n de firma: $5400.00 Duplicado de Carnet: $21700.00 Hab.Cons.Rehab.Cardiovascular: $108700.00 Habilitaci\u00f3n Consultorio: $54400.00 Habilitaci\u00f3n Consultorio &#8211; 50%: $27200.00 Inscripci\u00f3n + de 5 a\u00f1os: $32600.00 Inscripci\u00f3n &#8211; de 5 a\u00f1os: $32600.00 Matricula J: $10900.00 Matriculaci\u00f3n + de 5a\u00f1os: $49000.00 Matriculaci\u00f3n &#8211; de 5 a\u00f1os: $27200.00 Recertificaci\u00f3n Calificada Agregada: $76100.00 Recertificaci\u00f3n T\u00edtulo Especialista: [&hellip;]<\/p>\n","protected":false},"author":1,"featured_media":0,"parent":0,"menu_order":0,"comment_status":"closed","ping_status":"closed","template":"","meta":{"_et_pb_use_builder":"on","_et_pb_old_content":"","_et_gb_content_width":"","inline_featured_image":false,"footnotes":""},"class_list":["post-720","page","type-page","status-publish","hentry"],"_links":{"self":[{"href":"https:\/\/colmed1.org.ar\/web\/index.php\/wp-json\/wp\/v2\/pages\/720","targetHints":{"allow":["GET"]}}],"collection":[{"href":"https:\/\/colmed1.org.ar\/web\/index.php\/wp-json\/wp\/v2\/pages"}],"about":[{"href":"https:\/\/colmed1.org.ar\/web\/index.php\/wp-json\/wp\/v2\/types\/page"}],"author":[{"embeddable":true,"href":"https:\/\/colmed1.org.ar\/web\/index.php\/wp-json\/wp\/v2\/users\/1"}],"replies":[{"embeddable":true,"href":"https:\/\/colmed1.org.ar\/web\/index.php\/wp-json\/wp\/v2\/comments?post=720"}],"version-history":[{"count":10,"href":"https:\/\/colmed1.org.ar\/web\/index.php\/wp-json\/wp\/v2\/pages\/720\/revisions"}],"predecessor-version":[{"id":4883,"href":"https:\/\/colmed1.org.ar\/web\/index.php\/wp-json\/wp\/v2\/pages\/720\/revisions\/4883"}],"wp:attachment":[{"href":"https:\/\/colmed1.org.ar\/web\/index.php\/wp-json\/wp\/v2\/media?parent=720"}],"curies":[{"name":"wp","href":"https:\/\/api.w.org\/{rel}","templated":true}]}}